{"id":89,"date":"2015-06-17T09:47:31","date_gmt":"2015-06-17T09:47:31","guid":{"rendered":"http:\/\/hebammenzentrale-duesseldorf.de\/?page_id=89"},"modified":"2026-03-19T10:54:15","modified_gmt":"2026-03-19T10:54:15","slug":"fuer-hebammen-2","status":"publish","type":"page","link":"https:\/\/hebammenzentrale-duesseldorf.de\/?page_id=89","title":{"rendered":"Infos f\u00fcr Hebammen"},"content":{"rendered":"<h2><strong>Folgende Fortbildungen bieten wir in den n\u00e4chsten Monaten an:<\/strong><\/h2>\n<p><script type=\"text\/javascript\" id=\"extt_95280bf80a55137502cc42934494c3471548846811791\" src=\"\/\/www.kidsgo.de\/mod\/kv\/extt_js\/95280bf80a55137502cc42934494c347\/26320\/1548846811791\"><\/script><\/p>\n<p>Die aktuellen Teilnahmebedingungen finden Sie hier: <a href=\"http:\/\/hebammenzentrale-duesseldorf.de\/wp-content\/uploads\/2026\/03\/AGB-und-Teilnahmebedingungen_Fortbildung_HZ-ab-032026_neue-Kto-Verbindung.pdf\">Teilnahmebedingungen_Fortbildung_HZ<\/a><\/p>\n<p>________________________________________________<\/p>\n<h2><strong>Sie sind als Hebamme im Raum D\u00fcsseldorf freiberuflich t\u00e4tig? Wir freuen uns, Ihnen Frauen vermitteln zu d\u00fcrfen!<\/strong><\/h2>\n<p style=\"text-align: justify;\">Die Hebammenzentrale wird von der Stadt D\u00fcsseldorf finanziert und dient schwangeren Frauen auf der Suche nach einer Hebamme als Anlaufstelle um sie passgenau zur gew\u00fcnschten Betreuung an eine Hebamme zu vermitteln. Daf\u00fcr bieten wir Ihnen als Hebamme folgende Dienstleistungen:<\/p>\n<p>&#8211; Wohnortnahe Vermittlung von Frauen.<br \/>\n&#8211; Arbeitserleichterung durch die \u00dcbermittlung mehrerer Anfragen auf einmal.<br \/>\n&#8211; Kurzfristige Vermittlung von Frauen, wenn Sie spontan freie Kapazit\u00e4ten haben.<br \/>\n&#8211; Organisation preiswerter Fortbildungen in D\u00fcsseldorf. Themenw\u00fcnsche nehmen wir gerne entgegen.<br \/>\n&#8211; Netzwerkarbeit f\u00fcr Hebammen \u2013 angestrebt wird eine Erleichterung bei der Suche nach Urlaubs- und Krankheitsvertretung.<br \/>\n&#8211; Pflege des interdisziplin\u00e4ren Netzwerks aller beteiligten Berufsgruppen.<\/p>\n<p style=\"text-align: justify;\">Durch Inanspruchnahme unseres Vermittlungsservices entstehen weder f\u00fcr Sie noch f\u00fcr die (werdenden) Eltern zus\u00e4tzliche Kosten. Selbstverst\u00e4ndlich bleibt die Entscheidung f\u00fcr oder gegen eine Betreuung in Ihren H\u00e4nden. Bei kurzfristig frei werdenden Kapazit\u00e4ten k\u00f6nnen Sie sich gerne jederzeit an uns wenden. Wenn Sie unsere Unterst\u00fctzung in Anspruch nehmen m\u00f6chten, ben\u00f6tigen wir Ihre Kontaktdaten, Ihre Hebammenurkunde und Informationen \u00fcber Ihr Betreuungsangebot. Gerne stehen wir Ihnen mit ausf\u00fchrlichen Informationen pers\u00f6nlich oder per Mail <a href=\"mailto:info@hebammenzentrale-duesseldorf.de\">info@hebammenzentrale-duesseldorf.de<\/a> zur Verf\u00fcgung.<\/p>\n<h3>Wir freuen uns auf die Zusammenarbeit mit Ihnen!<\/h3>\n<p>________________________________________________<\/p>\n<h2><strong>Unser Angebot zum Start in die Freiberuflichkeit in der Landeshauptstadt D\u00fcsseldorf<\/strong><\/h2>\n<p><strong><a href=\"http:\/\/hebammenzentrale-duesseldorf.de\/wp-content\/uploads\/2022\/11\/Erfolgreich-freiberuflich-in-Duesseldorf.pdf\">Flyer an Hebammensch\u00fclerinnen<\/a><\/strong><\/p>\n<p>________________________________________________<\/p>\n<h4><strong>\u00a0<\/strong><\/h4>\n","protected":false},"excerpt":{"rendered":"<p>Folgende Fortbildungen bieten wir in den n\u00e4chsten Monaten an: Die aktuellen Teilnahmebedingungen finden Sie hier: Teilnahmebedingungen_Fortbildung_HZ ________________________________________________ Sie sind als Hebamme im Raum D\u00fcsseldorf freiberuflich t\u00e4tig? Wir freuen uns, Ihnen Frauen vermitteln zu d\u00fcrfen! Die Hebammenzentrale wird von der Stadt D\u00fcsseldorf finanziert und dient schwangeren Frauen auf der Suche nach einer Hebamme als Anlaufstelle um [&hellip;]<\/p>\n","protected":false},"author":1,"featured_media":0,"parent":0,"menu_order":0,"comment_status":"closed","ping_status":"closed","template":"templates\/template-full-notitle.php","meta":[],"_links":{"self":[{"href":"https:\/\/hebammenzentrale-duesseldorf.de\/index.php?rest_route=\/wp\/v2\/pages\/89"}],"collection":[{"href":"https:\/\/hebammenzentrale-duesseldorf.de\/index.php?rest_route=\/wp\/v2\/pages"}],"about":[{"href":"https:\/\/hebammenzentrale-duesseldorf.de\/index.php?rest_route=\/wp\/v2\/types\/page"}],"author":[{"embeddable":true,"href":"https:\/\/hebammenzentrale-duesseldorf.de\/index.php?rest_route=\/wp\/v2\/users\/1"}],"replies":[{"embeddable":true,"href":"https:\/\/hebammenzentrale-duesseldorf.de\/index.php?rest_route=%2Fwp%2Fv2%2Fcomments&post=89"}],"version-history":[{"count":74,"href":"https:\/\/hebammenzentrale-duesseldorf.de\/index.php?rest_route=\/wp\/v2\/pages\/89\/revisions"}],"predecessor-version":[{"id":962,"href":"https:\/\/hebammenzentrale-duesseldorf.de\/index.php?rest_route=\/wp\/v2\/pages\/89\/revisions\/962"}],"wp:attachment":[{"href":"https:\/\/hebammenzentrale-duesseldorf.de\/index.php?rest_route=%2Fwp%2Fv2%2Fmedia&parent=89"}],"curies":[{"name":"wp","href":"https:\/\/api.w.org\/{rel}","templated":true}]}}