{"id":86,"date":"2015-06-17T09:42:47","date_gmt":"2015-06-17T09:42:47","guid":{"rendered":"http:\/\/hebammenzentrale-duesseldorf.de\/?page_id=86"},"modified":"2022-11-16T15:49:05","modified_gmt":"2022-11-16T15:49:05","slug":"aktuelles-2","status":"publish","type":"page","link":"https:\/\/hebammenzentrale-duesseldorf.de\/?page_id=86","title":{"rendered":"Aktuelles"},"content":{"rendered":"<h3 class=\"widget-title\">Auf dieser Seite versorgen wir Sie mit internen und externen Neuigkeiten. Weitere Informationen, u.a. zu freien Kurspl\u00e4tzen, finden Sie auf unserer <a href=\"https:\/\/www.facebook.com\/Hebammenzentrale-D%C3%BCsseldorf-447605678737114\/\" target=\"_blank\" rel=\"noopener\">Facebookseite<\/a>.<\/h3>\n<p>Eine \u00dcbersicht der in D\u00fcsseldorf verf\u00fcgbaren Hebammensprechstunden finden Sie auf der Seite <a href=\"http:\/\/hebammenzentrale-duesseldorf.de\/?page_id=63\" target=\"_blank\" rel=\"noopener\">Infos f\u00fcr Eltern<\/a>.<\/p>\n<p>&#8230; neue Veranstaltungen folgen in k\u00fcrze&#8230;<\/p>\n","protected":false},"excerpt":{"rendered":"<p>Auf dieser Seite versorgen wir Sie mit internen und externen Neuigkeiten. Weitere Informationen, u.a. zu freien Kurspl\u00e4tzen, finden Sie auf unserer Facebookseite. Eine \u00dcbersicht der in D\u00fcsseldorf verf\u00fcgbaren Hebammensprechstunden finden Sie auf der Seite Infos f\u00fcr Eltern. &#8230; neue Veranstaltungen folgen in k\u00fcrze&#8230;<\/p>\n","protected":false},"author":1,"featured_media":0,"parent":0,"menu_order":0,"comment_status":"closed","ping_status":"closed","template":"templates\/template-full-notitle.php","meta":[],"_links":{"self":[{"href":"https:\/\/hebammenzentrale-duesseldorf.de\/index.php?rest_route=\/wp\/v2\/pages\/86"}],"collection":[{"href":"https:\/\/hebammenzentrale-duesseldorf.de\/index.php?rest_route=\/wp\/v2\/pages"}],"about":[{"href":"https:\/\/hebammenzentrale-duesseldorf.de\/index.php?rest_route=\/wp\/v2\/types\/page"}],"author":[{"embeddable":true,"href":"https:\/\/hebammenzentrale-duesseldorf.de\/index.php?rest_route=\/wp\/v2\/users\/1"}],"replies":[{"embeddable":true,"href":"https:\/\/hebammenzentrale-duesseldorf.de\/index.php?rest_route=%2Fwp%2Fv2%2Fcomments&post=86"}],"version-history":[{"count":143,"href":"https:\/\/hebammenzentrale-duesseldorf.de\/index.php?rest_route=\/wp\/v2\/pages\/86\/revisions"}],"predecessor-version":[{"id":811,"href":"https:\/\/hebammenzentrale-duesseldorf.de\/index.php?rest_route=\/wp\/v2\/pages\/86\/revisions\/811"}],"wp:attachment":[{"href":"https:\/\/hebammenzentrale-duesseldorf.de\/index.php?rest_route=%2Fwp%2Fv2%2Fmedia&parent=86"}],"curies":[{"name":"wp","href":"https:\/\/api.w.org\/{rel}","templated":true}]}}