{"id":76,"date":"2015-06-17T09:19:55","date_gmt":"2015-06-17T09:19:55","guid":{"rendered":"http:\/\/hebammenzentrale-duesseldorf.de\/?page_id=76"},"modified":"2022-11-17T06:48:53","modified_gmt":"2022-11-17T06:48:53","slug":"fuer-hebammen","status":"publish","type":"page","link":"https:\/\/hebammenzentrale-duesseldorf.de\/?page_id=76","title":{"rendered":"Hebammenleistungen"},"content":{"rendered":"<h3 class=\"widget-title\">Folgende Hebammenleistungen werden von den gesetzlichen Krankenkassen \u00fcbernommen:<\/h3>\n<p><strong>Beratung<\/strong><\/p>\n<p style=\"text-align: justify;\">Sie k\u00f6nnen sich als werdende Eltern jederzeit telefonisch oder im pers\u00f6nlichen Gespr\u00e4ch an eine Hebamme wenden. Mit ihr k\u00f6nnen sie gemeinsam Fragen kl\u00e4ren und m\u00f6gliche Unsicherheiten oder \u00c4ngste besprechen. Je besser sie als Mutter oder Paar informiert werden, umso sicherer k\u00f6nnen sie Entscheidungen treffen hinsichtlich der Art und Weise der Betreuung und der Geburt.<\/p>\n<p style=\"text-align: justify;\"><strong>Hilfe bei Beschwerden<\/strong><\/p>\n<p style=\"text-align: justify;\">Schwangere haben die M\u00f6glichkeit sich bei Beschwerden wie \u00dcbelkeit, vorzeitigen Wehen oder Fragen zu ihrer Schwangerschaft an eine Hebamme zu wenden. In einem ausf\u00fchrlichen Gespr\u00e4ch wird sie Ihnen Unterst\u00fctzung und gegebenenfalls L\u00f6sungen aufzeigen. Viele Hebammen haben sich fortgebildet und erg\u00e4nzen ihr Leistungsspektrum mit Naturheilmethoden wie Akupunktur und Hom\u00f6opathie.<\/p>\n<p style=\"text-align: justify;\"><strong>Schwangerenvorsorge<\/strong><\/p>\n<p style=\"text-align: justify;\">Hebammen f\u00fchren selbstst\u00e4ndig und eigenverantwortlich die Schwangeren-vorsorgeuntersuchungen durch. Sie beinhalten alle im Mutterpass vorgesehenen Untersuchungen au\u00dfer Ultraschall: u. a. Gewichts- und Blutdruckkontrolle, Urinuntersuchung auf Eiwei\u00df und Zucker, verschiedene Blutuntersuchungen, das H\u00f6ren der kindlichen Herzt\u00f6ne, die Feststellung der Lage des Kindes sowie dessen Wachstum.<\/p>\n<p style=\"text-align: justify;\"><strong>Geburtsvorbereitung<\/strong><\/p>\n<p style=\"text-align: justify;\">Ein Geburtsvorbereitungskurs hilft Ihnen als Mutter oder Eltern sich intensiv auf ihr Elternsein vorzubereiten. Es werden Entspannungs- und K\u00f6rper\u00fcbungen angeboten und verschiedene wichtige Themen: die Schwangerschaft, die Geburt oder die Zeit danach, insbesondere das Stillen, besprochen.<\/p>\n<p style=\"text-align: justify;\"><strong>Geburtshilfe<\/strong><\/p>\n<p style=\"text-align: justify;\">Die Geburt ist ein individueller Prozess und wird von vielen Faktoren mitbestimmt. Hebammen begleiten normale Geburten in eigener Verantwortung, ohne einen Arzt hinzu ziehen zu m\u00fcssen. Von wesentlicher Bedeutung dabei ist die Wahl des geeigneten Geburtsortes bzw. des geburtshilflichen Teams. Innerhalb der Klinik gibt es die M\u00f6glichkeit der Beleggeburt mit einer vertrauten Hebamme, die Sie w\u00e4hrend der gesamten Geburt betreut. Au\u00dferdem besteht die M\u00f6glichkeit in einem <a href=\"https:\/\/www.hebammenverband.de\/familie\/hebammen-kreisssaele\/\" target=\"_blank\" rel=\"noopener\">Hebammenkrei\u00dfsaal<\/a> zu geb\u00e4ren. Dieses Angebot gibt es aktuell 16 mal in Deutschland.<\/p>\n<p style=\"text-align: justify;\">Neben der Klinikgeburt gibt es auch die M\u00f6glichkeit, sich f\u00fcr eine Geburt au\u00dferhalb der Klinik zu entscheiden. Diese findet dann in einem Geburtshaus oder in Ihrem Zuhause statt.<\/p>\n<p style=\"text-align: justify;\"><strong>Wochenbettbetreuung<\/strong><\/p>\n<p style=\"text-align: justify;\">Jede Frau hat nach der Geburt ihres Kindes Anspruch auf Hebammenhilfe. Die Wochenbettbetreuung steht Frauen bis zur 12. Lebenswoche des Kindes zu. Stillberatung dar\u00fcber hinaus bis zum Abstillen. Die Hebamme unterst\u00fctzt die Eltern bei der Versorgung des Neugeborenen, dem Stillen und gibt Hilfestellungen bei auftretenden Unsicherheiten.<br \/>\nAnzahl und Dauer der Hausbesuche orientieren sich an den Bed\u00fcrfnissen und dem Wohlbefinden der jungen Familie.<\/p>\n<p style=\"text-align: justify;\"><strong>R\u00fcckbildungsgymnastik<\/strong><\/p>\n<p style=\"text-align: justify;\">Jede Frau hat die M\u00f6glichkeit ab zirka sechs Wochen nach der Geburt an R\u00fcckbildungskursen teilzunehmen. Dort werden durch spezielle \u00dcbungen der Beckenboden und die Bauchmuskulatur wieder gest\u00e4rkt und trainiert.<\/p>\n","protected":false},"excerpt":{"rendered":"<p>Folgende Hebammenleistungen werden von den gesetzlichen Krankenkassen \u00fcbernommen: Beratung Sie k\u00f6nnen sich als werdende Eltern jederzeit telefonisch oder im pers\u00f6nlichen Gespr\u00e4ch an eine Hebamme wenden. Mit ihr k\u00f6nnen sie gemeinsam Fragen kl\u00e4ren und m\u00f6gliche Unsicherheiten oder \u00c4ngste besprechen. Je besser sie als Mutter oder Paar informiert werden, umso sicherer k\u00f6nnen sie Entscheidungen treffen hinsichtlich der [&hellip;]<\/p>\n","protected":false},"author":1,"featured_media":0,"parent":0,"menu_order":0,"comment_status":"closed","ping_status":"closed","template":"templates\/template-full-notitle.php","meta":[],"_links":{"self":[{"href":"https:\/\/hebammenzentrale-duesseldorf.de\/index.php?rest_route=\/wp\/v2\/pages\/76"}],"collection":[{"href":"https:\/\/hebammenzentrale-duesseldorf.de\/index.php?rest_route=\/wp\/v2\/pages"}],"about":[{"href":"https:\/\/hebammenzentrale-duesseldorf.de\/index.php?rest_route=\/wp\/v2\/types\/page"}],"author":[{"embeddable":true,"href":"https:\/\/hebammenzentrale-duesseldorf.de\/index.php?rest_route=\/wp\/v2\/users\/1"}],"replies":[{"embeddable":true,"href":"https:\/\/hebammenzentrale-duesseldorf.de\/index.php?rest_route=%2Fwp%2Fv2%2Fcomments&post=76"}],"version-history":[{"count":10,"href":"https:\/\/hebammenzentrale-duesseldorf.de\/index.php?rest_route=\/wp\/v2\/pages\/76\/revisions"}],"predecessor-version":[{"id":819,"href":"https:\/\/hebammenzentrale-duesseldorf.de\/index.php?rest_route=\/wp\/v2\/pages\/76\/revisions\/819"}],"wp:attachment":[{"href":"https:\/\/hebammenzentrale-duesseldorf.de\/index.php?rest_route=%2Fwp%2Fv2%2Fmedia&parent=76"}],"curies":[{"name":"wp","href":"https:\/\/api.w.org\/{rel}","templated":true}]}}