{"id":65,"date":"2015-06-17T09:03:56","date_gmt":"2015-06-17T09:03:56","guid":{"rendered":"http:\/\/hebammenzentrale-duesseldorf.de\/?page_id=65"},"modified":"2024-07-08T09:45:43","modified_gmt":"2024-07-08T09:45:43","slug":"unser-angebot","status":"publish","type":"page","link":"https:\/\/hebammenzentrale-duesseldorf.de\/?page_id=65","title":{"rendered":"Anmeldung"},"content":{"rendered":"<h2 style=\"text-align: left;\"><strong>Das Team der Hebammenzentrale vermittelt Ihnen gerne eine Hebamme f\u00fcr die Schwangerenbetreuung\/Vorsorge, Geburt und Wochenbettbetreuung.<\/strong><\/h2>\n<p><a href=\"http:\/\/hebammenzentrale-duesseldorf.de\/wp-content\/uploads\/2022\/12\/Annette-und-Nina-zugeschnitten-scaled.jpg\"><img loading=\"lazy\" class=\"wp-image-825 size-medium alignright\" src=\"http:\/\/hebammenzentrale-duesseldorf.de\/wp-content\/uploads\/2022\/12\/Annette-und-Nina-zugeschnitten-300x212.jpg\" alt=\"\" width=\"300\" height=\"212\" srcset=\"https:\/\/hebammenzentrale-duesseldorf.de\/wp-content\/uploads\/2022\/12\/Annette-und-Nina-zugeschnitten-300x212.jpg 300w, https:\/\/hebammenzentrale-duesseldorf.de\/wp-content\/uploads\/2022\/12\/Annette-und-Nina-zugeschnitten-1024x724.jpg 1024w, https:\/\/hebammenzentrale-duesseldorf.de\/wp-content\/uploads\/2022\/12\/Annette-und-Nina-zugeschnitten-768x543.jpg 768w, https:\/\/hebammenzentrale-duesseldorf.de\/wp-content\/uploads\/2022\/12\/Annette-und-Nina-zugeschnitten-1536x1085.jpg 1536w, https:\/\/hebammenzentrale-duesseldorf.de\/wp-content\/uploads\/2022\/12\/Annette-und-Nina-zugeschnitten-2048x1447.jpg 2048w\" sizes=\"(max-width: 300px) 100vw, 300px\" \/><\/a><\/p>\n<h3 style=\"text-align: justify;\">Dieses Angebot wird von der Stadt D\u00fcsseldorf finanziert und ist f\u00fcr Sie kostenlos!<\/h3>\n<p style=\"text-align: justify;\">Zurzeit kooperieren ca. 110 freiberufliche Hebammen aus D\u00fcsseldorf und dem Umland mit uns. Leider k\u00f6nnen wir Ihnen dennoch, aufgrund des\u00a0\u00a0 Hebammenmangels, keine Vermittlungsgarantie geben.<\/p>\n<p style=\"text-align: justify;\">Die \u00fcblichen Sprechzeiten der Hebammenzentrale sind:\u00a0Mo, Di, Do &amp; Fr 10-12 Uhr und Mi 16-18 Uhr. Wenn Sie eine Vermittlung w\u00fcnschen, bitten wir darum, Ihre Anfrage \u00fcber das untenstehende Webfomular zu stellen. Damit wird die Anfrage direkt in unser Vermittlungsprogramm eingepflegt.<\/p>\n<p style=\"text-align: left;\">Telefon: 0211 691 691 11<br \/>\nEmail: \u00a0\u00a0 <a href=\"mailto:info@hebammenzentrale-duesseldorf.de\">info@hebammenzentrale-duesseldorf.de<\/a><\/p>\n<p style=\"text-align: justify;\">Zur Vermittlung werden die im Formular angegebenen Daten an die in Frage kommenden Hebammen weitergeleitet. Wir setzen Ihr Einverst\u00e4ndis voraus. Falls wir eine Hebamme finden, wird diese sich telefonisch oder per email bei Ihnen melden und das weitere Vorgehen pers\u00f6nlich besprechen. F\u00fcr den Fall, dass wir keine Hebamme finden, benachrichtigen wir Sie umgehend. Wir k\u00f6nnen Ihnen leider keine Vermittlung garantieren. Unsere Datenschutzerkl\u00e4rung finden Sie <a href=\"http:\/\/hebammenzentrale-duesseldorf.de\/wp-content\/uploads\/2015\/06\/Datenschutzerkl\u00e4rung_Hebammenzentrale-D\u00fcsseldorf.pdf\" target=\"_blank\" rel=\"noopener\">hier<\/a>.<\/p>\n<p style=\"text-align: justify;\">Zurzeit gibt es drei <strong>Beleghebammen<\/strong> in D\u00fcsseldorf. Zwei davon k\u00f6nnen wir gerne f\u00fcr Sie anfragen. <span class=\"text_exposed_show\">Beleghebammen bieten Frauen eine 1:1 Betreuung in der Schwangerschaft, w\u00e4hrend der Geburt und im Wochenbett<\/span>. <span class=\"text_exposed_show\">Ihre Rufbereitschaftspauschale betr\u00e4gt aktuell zwischen 800\u20ac (die meisten<\/span> Krankenkassen \u00fcbernehmen davon 250\u20ac<span class=\"text_exposed_show\">). <\/span>Zurzeit gibt es dieses Angebot in der Uniklinik D\u00fcsseldorf und im Florence-Nightingale-Krankenhaus. Beleghebammen sind auf ein Krankenhaus mit dem sie kooperieren festgelegt. Wenn wir Ihnen keine Beleghebamme vermitteln k\u00f6nnen, fragen wir gerne andere Hebammen f\u00fcr Sie an, die Sie in der Schwangerschaft und\/oder im Wochenbett betreuen k\u00f6nnen. <span class=\"text_exposed_show\"><br \/>\n<\/span><\/p>\n<p style=\"text-align: justify;\">Bei Interesse an einer Geburt im h\u00e4uslichen Umfeld besuchen Sie bitte den <a href=\"https:\/\/geburtshaus-duesseldorf.de\/info.html\" target=\"_blank\" rel=\"noopener\">Infoabend<\/a> im Geburtshaus D\u00fcsseldorf und beachten, dass ebenfalls eine Rufbereitschaftspauschale f\u00e4llig wird. Wenn Sie sich bereits sicher sind, dass Ihr Kind <strong>zuhause oder im Geburtshaus<\/strong> geboren werden soll, k\u00f6nnen Sie gerne <a href=\"https:\/\/geburtshaus-duesseldorf.de\/kontakt.html\">hier<\/a> direkt das Kontaktformular des Geburtshauses D\u00fcsseldorf ausf\u00fcllen.<\/p>\n<p style=\"text-align: justify;\">Auch wenn sie recht <strong>kurzfristig<\/strong> eine Hebamme suchen oder sich vor l\u00e4ngerer Zeit bei uns gemeldet haben, und wir Ihnen bisher keine Hebamme vermitteln konnten, lohnt sich eine (erneute) Anfrage per Mail oder Telefon an uns. Falls Sie bereits bei uns gelistet sind, sagen Sie uns das bitte bei Ihrer erneuten Anfrage, um Doppelungen zu vermeiden.<\/p>\n<p style=\"text-align: justify;\">Kurspl\u00e4tze k\u00f6nnen wir Ihnen leider nicht direkt vermitteln. Bei Interesse an <strong>Kursen<\/strong> wenden Sie sich bitte an die anbietenden Institutionen, z.B. Hebammenpraxen, Familienbildungsst\u00e4tten und Kliniken mit Geburtshilfe sowie das Geburtshaus D\u00fcsseldorf.<\/p>\n<p style=\"text-align: left;\"><form enctype=\"multipart\/form-data\" action=\"\/index.php?rest_route=%2Fwp%2Fv2%2Fpages%2F65#usermessageb\" method=\"post\" class=\"cform pers%c3%b6nliche-daten \" id=\"cformsform\"><ol class=\"cf-ol\"><li id=\"li--1\" class=\"\"><label id=\"label--1\" for=\"cf_field_1\"><span>Vorname<\/span><\/label><input type=\"text\" name=\"cf_field_1\" id=\"cf_field_1\" class=\"single fldrequired\" value=\"\" title=\"\"\/><span class=\"reqtxt\">erforderlich<\/span><\/li><li id=\"li--2\" class=\"\"><label id=\"label--2\" for=\"cf_field_2\"><span>Nachname<\/span><\/label><input type=\"text\" name=\"cf_field_2\" id=\"cf_field_2\" class=\"single fldrequired\" value=\"\" title=\"\"\/><span class=\"reqtxt\">erforderlich<\/span><\/li><li id=\"li--3\" class=\"\"><label id=\"label--3\" for=\"cf_field_3\"><span>Stra\u00dfe<\/span><\/label><input type=\"text\" name=\"cf_field_3\" id=\"cf_field_3\" class=\"single fldrequired\" value=\"\" title=\"\"\/><span class=\"reqtxt\">erforderlich<\/span><\/li><li id=\"li--4\" class=\"\"><label id=\"label--4\" for=\"cf_field_4\"><span>Hausnummer<\/span><\/label><input type=\"text\" name=\"cf_field_4\" id=\"cf_field_4\" class=\"single fldrequired\" value=\"\" title=\"\"\/><span class=\"reqtxt\">erforderlich<\/span><\/li><li id=\"li--5\" class=\"\"><label id=\"label--5\" for=\"cf_field_5\"><span>Stadtteil D\u00fcsseldorf<\/span><\/label><select name=\"cf_field_5\" id=\"cf_field_5\" class=\"cformselect\" title=\"\"><option value=\"-\">-<\/option><option value=\"Altstadt\">Altstadt<\/option><option value=\"Angermund\">Angermund<\/option><option value=\"Benrath\">Benrath<\/option><option value=\"Bilk\">Bilk<\/option><option value=\"Carlstadt\">Carlstadt<\/option><option value=\"Derendorf\">Derendorf<\/option><option value=\"D\u00fcsseltal\">D\u00fcsseltal<\/option><option value=\"Eller\">Eller<\/option><option value=\"Flehe\">Flehe<\/option><option value=\"Flingern Nord\">Flingern Nord<\/option><option value=\"Flingern S\u00fcd\">Flingern S\u00fcd<\/option><option value=\"Friedrichstadt\">Friedrichstadt<\/option><option value=\"Garath\">Garath<\/option><option value=\"Gerresheim\">Gerresheim<\/option><option value=\"Golzheim\">Golzheim<\/option><option value=\"Grafenberg\">Grafenberg<\/option><option value=\"Hafen\">Hafen<\/option><option value=\"Hamm\">Hamm<\/option><option value=\"Hassels\">Hassels<\/option><option value=\"Heerdt\">Heerdt<\/option><option value=\"Hellerhof\">Hellerhof<\/option><option value=\"Himmelgeist\">Himmelgeist<\/option><option value=\"Holthausen\">Holthausen<\/option><option value=\"Hubbelrath\">Hubbelrath<\/option><option value=\"Itter\">Itter<\/option><option value=\"Kaiserwerth\">Kaiserwerth<\/option><option value=\"Kalkum\">Kalkum<\/option><option value=\"Knittkuhl\">Knittkuhl<\/option><option value=\"L\u00f6rick\">L\u00f6rick<\/option><option value=\"Lichtenbroich\">Lichtenbroich<\/option><option value=\"Lierenfeld\">Lierenfeld<\/option><option value=\"Lohausen\">Lohausen<\/option><option value=\"Ludenberg\">Ludenberg<\/option><option value=\"M\u00f6rsenbroich\">M\u00f6rsenbroich<\/option><option value=\"Niederkassel\">Niederkassel<\/option><option value=\"Oberbilk\">Oberbilk<\/option><option value=\"Oberkassel\">Oberkassel<\/option><option value=\"Pempelfort\">Pempelfort<\/option><option value=\"Rath\">Rath<\/option><option value=\"Reisholz\">Reisholz<\/option><option value=\"Stadtmitte\">Stadtmitte<\/option><option value=\"Stockum\">Stockum<\/option><option value=\"Unterbach\">Unterbach<\/option><option value=\"Unterbilk\">Unterbilk<\/option><option value=\"Unterrath\">Unterrath<\/option><option value=\"Urdenbach\">Urdenbach<\/option><option value=\"Vennhausen\">Vennhausen<\/option><option value=\"Volmerswerth\">Volmerswerth<\/option><option value=\"Wersten\">Wersten<\/option><option value=\"Wittlear\">Wittlear<\/option><\/select><\/li><li id=\"li--6\" class=\"\"><label id=\"label--6\" for=\"cf_field_6\"><span>D\u00fcsseldorf-Umgebung<\/span><\/label><select name=\"cf_field_6\" id=\"cf_field_6\" class=\"cformselect\" title=\"\"><option value=\"-\">-<\/option><option value=\"Dormagen\">Dormagen<\/option><option value=\"Dormagen-St\u00fcrzelberg\">Dormagen-St\u00fcrzelberg<\/option><option value=\"Dormagen-Zons\">Dormagen-Zons<\/option><option value=\"Duisburg\">Duisburg<\/option><option value=\"Erkrath\">Erkrath<\/option><option value=\"Erkrath - Alt-Hochdahl\">Erkrath - Alt-Hochdahl<\/option><option value=\"Erkrath-Mitte\">Erkrath-Mitte<\/option><option value=\"Erkrath-Nord\">Erkrath-Nord<\/option><option value=\"Erkrath-S\u00fcd\">Erkrath-S\u00fcd<\/option><option value=\"Erkrath-Unterfeldhaus\">Erkrath-Unterfeldhaus<\/option><option value=\"Essen\">Essen<\/option><option value=\"Grevenbroich\">Grevenbroich<\/option><option value=\"Haan\">Haan<\/option><option value=\"Heiligenhaus\">Heiligenhaus<\/option><option value=\"Hilden\">Hilden<\/option><option value=\"Hilden-Mitte\">Hilden-Mitte<\/option><option value=\"Hilden-Nord\">Hilden-Nord<\/option><option value=\"Hilden-S\u00fcd\">Hilden-S\u00fcd<\/option><option value=\"Hilden-West\">Hilden-West<\/option><option value=\"Kaarst\">Kaarst<\/option><option value=\"Korschenbroich\">Korschenbroich<\/option><option value=\"Krefeld\">Krefeld<\/option><option value=\"Langenfeld\">Langenfeld<\/option><option value=\"Langenfeld-Berghausen\">Langenfeld-Berghausen<\/option><option value=\"Leichlingen\">Leichlingen<\/option><option value=\"Meerbusch\">Meerbusch<\/option><option value=\"Meerbusch-B\u00fcderich\">Meerbusch-B\u00fcderich<\/option><option value=\"Meerbusch-Ilverich\">Meerbusch-Ilverich<\/option><option value=\"Meerbusch-Lank-Latum\">Meerbusch-Lank-Latum<\/option><option value=\"Meerbusch-Nierst\">Meerbusch-Nierst<\/option><option value=\"Mettmann\">Mettmann<\/option><option value=\"Moers\">Moers<\/option><option value=\"Monheim\">Monheim<\/option><option value=\"Monheim-Baumberg\">Monheim-Baumberg<\/option><option value=\"M\u00fclheim\">M\u00fclheim<\/option><option value=\"Neuss\">Neuss<\/option><option value=\"Neuss-Erfttal\">Neuss-Erfttal<\/option><option value=\"Neuss-Gnadental\">Neuss-Gnadental<\/option><option value=\"Neuss-Grimmlinghausen\">Neuss-Grimmlinghausen<\/option><option value=\"Neuss-Norf\">Neuss-Norf<\/option><option value=\"Neuss-Reuschenberg\">Neuss-Reuschenberg<\/option><option value=\"Neuss-Uedesheim\">Neuss-Uedesheim<\/option><option value=\"Neuss-Wei\u00dfenberg\">Neuss-Wei\u00dfenberg<\/option><option value=\"Ratingen\">Ratingen<\/option><option value=\"Ratingen-Breitscheid\">Ratingen-Breitscheid<\/option><option value=\"Ratingen-Homberg\">Ratingen-Homberg<\/option><option value=\"Ratingen-H\u00f6sel\">Ratingen-H\u00f6sel<\/option><option value=\"Ratingen-Lintorf\">Ratingen-Lintorf<\/option><option value=\"Ratingen-Nord\">Ratingen-Nord<\/option><option value=\"Ratingen-Ost\">Ratingen-Ost<\/option><option value=\"Ratingen-Schwarzbach\">Ratingen-Schwarzbach<\/option><option value=\"Ratingen-Schwarzbachtal\">Ratingen-Schwarzbachtal<\/option><option value=\"Ratingen-S\u00fcd\">Ratingen-S\u00fcd<\/option><option value=\"Ratingen-West\">Ratingen-West<\/option><option value=\"Solingen\">Solingen<\/option><option value=\"Velbert\">Velbert<\/option><option value=\"Willich\">Willich<\/option><option value=\"W\u00fclfrath\">W\u00fclfrath<\/option><option value=\"Zons\">Zons<\/option><\/select><\/li><li id=\"li--7\" class=\"\"><label id=\"label--7\" for=\"cf_field_7\"><span>Stadtteil Sonstige<\/span><\/label><input type=\"text\" name=\"cf_field_7\" id=\"cf_field_7\" class=\"single\" value=\"\" title=\"\"\/><\/li><li id=\"li--8\" class=\"\"><label id=\"label--8\" for=\"cf_field_8\"><span>Telefonnummer<\/span><\/label><input type=\"text\" name=\"cf_field_8\" id=\"cf_field_8\" class=\"single fldrequired\" value=\"\" title=\"\"\/><span class=\"reqtxt\">erforderlich<\/span><\/li><li id=\"li--9\" class=\"\"><label id=\"label--9\" for=\"cf_field_9\"><span>E-Mail-Adresse<\/span><\/label><input type=\"text\" name=\"cf_field_9\" id=\"cf_field_9\" class=\"single fldemail fldrequired\" value=\"\" title=\"\"\/><span class=\"emailreqtxt\">erforderlich<\/span><\/li><li id=\"li--10\" class=\"\"><label id=\"label--10\" for=\"cf_field_10\"><span>Errechneter Geburtstermin oder Geburtstag Ihres Kindes (Angaben bitte in TT.MM.JJJJ)<\/span><\/label><input type=\"text\" name=\"cf_field_10\" id=\"cf_field_10\" class=\"single\" value=\"\" title=\"\"\/><\/li><li id=\"li--11\" class=\"\"><label id=\"label--11\" for=\"cf_field_11\"><span>Das wievielte Kind erwarten Sie?<\/span><\/label><input type=\"text\" name=\"cf_field_11\" id=\"cf_field_11\" class=\"single\" value=\"\" title=\"\"\/><\/li><li id=\"li--12\" class=\"\"><label id=\"label--12\" for=\"cf_field_12\"><span>Besonders wichtig ist mir:<\/span><\/label><textarea cols=\"30\" rows=\"8\" name=\"cf_field_12\" id=\"cf_field_12\" class=\"area\" title=\"\"><\/textarea><\/li><li id=\"li--13\" class=\"textonly\">Schwangerenbetreuung<\/li><li id=\"li--14\" class=\"\"><label id=\"label--14\" for=\"cf_field_14\" class=\"cf-before\"><span>ja<\/span><\/label><input type=\"checkbox\" name=\"cf_field_14\" id=\"cf_field_14\" class=\"cf-box-b\" title=\"\"\/><\/li><li id=\"li--15\" class=\"\"><label id=\"label--15\" for=\"cf_field_15\" class=\"cf-before\"><span>nein<\/span><\/label><input type=\"checkbox\" name=\"cf_field_15\" id=\"cf_field_15\" class=\"cf-box-b\" title=\"\"\/><\/li><li id=\"li--16\" class=\"textonly\">Hebammenvorsorge -im Wechsel mit\/anstatt der \u00e4rztlichen Vorsorge<\/li><li id=\"li--17\" class=\"\"><label id=\"label--17\" for=\"cf_field_17\" class=\"cf-before\"><span>ja<\/span><\/label><input type=\"checkbox\" name=\"cf_field_17\" id=\"cf_field_17\" class=\"cf-box-b\" title=\"\"\/><\/li><li id=\"li--18\" class=\"\"><label id=\"label--18\" for=\"cf_field_18\" class=\"cf-before\"><span>nein<\/span><\/label><input type=\"checkbox\" name=\"cf_field_18\" id=\"cf_field_18\" class=\"cf-box-b\" title=\"\"\/><\/li><li id=\"li--19\" class=\"textonly\">Au\u00dferklinische Geburtshilfe (Hausgeburt\/Geburtshausgeburt)<\/li><li id=\"li--20\" class=\"\"><label id=\"label--20\" for=\"cf_field_20\" class=\"cf-before\"><span>ja<\/span><\/label><input type=\"checkbox\" name=\"cf_field_20\" id=\"cf_field_20\" class=\"cf-box-b\" title=\"\"\/><\/li><li id=\"li--21\" class=\"\"><label id=\"label--21\" for=\"cf_field_21\" class=\"cf-before\"><span>nein<\/span><\/label><input type=\"checkbox\" name=\"cf_field_21\" id=\"cf_field_21\" class=\"cf-box-b\" title=\"\"\/><\/li><li id=\"li--22\" class=\"textonly\">Beleggeburt (1zu1 Betreuung durch eine Beleghebamme in der Schwangerschaft, unter der Geburt und im Wochenbett)<\/li><li id=\"li--23\" class=\"\"><label id=\"label--23\" for=\"cf_field_23\" class=\"cf-before\"><span>ja<\/span><\/label><input type=\"checkbox\" name=\"cf_field_23\" id=\"cf_field_23\" class=\"cf-box-b\" title=\"\"\/><\/li><li id=\"li--24\" class=\"\"><label id=\"label--24\" for=\"cf_field_24\" class=\"cf-before\"><span>nein<\/span><\/label><input type=\"checkbox\" name=\"cf_field_24\" id=\"cf_field_24\" class=\"cf-box-b\" title=\"\"\/><\/li><li id=\"li--25\" class=\"textonly\">Wochenbett Betreuung (Betreuung zuhause nach der Geburt)<\/li><li id=\"li--26\" class=\"\"><label id=\"label--26\" for=\"cf_field_26\" class=\"cf-before\"><span>ja<\/span><\/label><input type=\"checkbox\" name=\"cf_field_26\" id=\"cf_field_26\" class=\"cf-box-b\" title=\"\"\/><\/li><li id=\"li--27\" class=\"\"><label id=\"label--27\" for=\"cf_field_27\" class=\"cf-before\"><span>nein<\/span><\/label><input type=\"checkbox\" name=\"cf_field_27\" id=\"cf_field_27\" class=\"cf-box-b\" title=\"\"\/><\/li><li id=\"li--28\" class=\"\"><label id=\"label--28\" for=\"cf_field_28\" class=\"cf-before\"><span>Ich bin damit einverstanden, dass meine Daten zur Vermittlung an die kooperierenden Hebammen weitergegeben werden. Bei erfolgreicher \u00dcbernahme der Anfrage in unser Vermittlungsprogramm erhalten Sie eine E-Mail. Sollten Sie diese nicht erhalten, nehmen Sie bitte mit uns Kontakt auf.<\/span><\/label><input type=\"checkbox\" name=\"cf_field_28\" id=\"cf_field_28\" class=\"cf-box-b fldrequired\" title=\"\"\/><\/li><\/ol><fieldset class=\"cf_hidden\"><legend>&nbsp;<\/legend><input type=\"hidden\" name=\"cf_working\" id=\"cf_working\" value=\"<span>Einen Moment bitte...<\/span>\"\/><input type=\"hidden\" name=\"cf_failure\" id=\"cf_failure\" value=\"<span>Bitte f\u00fcllen Sie die notwendigen Zeilen aus.<\/span>\"\/><input type=\"hidden\" name=\"cf_customerr\" id=\"cf_customerr\" value=\"y\"\/><\/fieldset><p class=\"cf-sb\"><input type=\"submit\" name=\"sendbutton\" id=\"sendbutton\" class=\"sendbutton\" value=\"Enter \/ Abschicken\" \/><\/p><\/form><div id=\"usermessageb\" class=\"cf_info \" ><\/div><\/p>\n","protected":false},"excerpt":{"rendered":"<p>Das Team der Hebammenzentrale vermittelt Ihnen gerne eine Hebamme f\u00fcr die Schwangerenbetreuung\/Vorsorge, Geburt und Wochenbettbetreuung. Dieses Angebot wird von der Stadt D\u00fcsseldorf finanziert und ist f\u00fcr Sie kostenlos! Zurzeit kooperieren ca. 110 freiberufliche Hebammen aus D\u00fcsseldorf und dem Umland mit uns. Leider k\u00f6nnen wir Ihnen dennoch, aufgrund des\u00a0\u00a0 Hebammenmangels, keine Vermittlungsgarantie geben. Die \u00fcblichen Sprechzeiten [&hellip;]<\/p>\n","protected":false},"author":1,"featured_media":0,"parent":0,"menu_order":0,"comment_status":"closed","ping_status":"closed","template":"templates\/template-full-notitle.php","meta":[],"_links":{"self":[{"href":"https:\/\/hebammenzentrale-duesseldorf.de\/index.php?rest_route=\/wp\/v2\/pages\/65"}],"collection":[{"href":"https:\/\/hebammenzentrale-duesseldorf.de\/index.php?rest_route=\/wp\/v2\/pages"}],"about":[{"href":"https:\/\/hebammenzentrale-duesseldorf.de\/index.php?rest_route=\/wp\/v2\/types\/page"}],"author":[{"embeddable":true,"href":"https:\/\/hebammenzentrale-duesseldorf.de\/index.php?rest_route=\/wp\/v2\/users\/1"}],"replies":[{"embeddable":true,"href":"https:\/\/hebammenzentrale-duesseldorf.de\/index.php?rest_route=%2Fwp%2Fv2%2Fcomments&post=65"}],"version-history":[{"count":96,"href":"https:\/\/hebammenzentrale-duesseldorf.de\/index.php?rest_route=\/wp\/v2\/pages\/65\/revisions"}],"predecessor-version":[{"id":889,"href":"https:\/\/hebammenzentrale-duesseldorf.de\/index.php?rest_route=\/wp\/v2\/pages\/65\/revisions\/889"}],"wp:attachment":[{"href":"https:\/\/hebammenzentrale-duesseldorf.de\/index.php?rest_route=%2Fwp%2Fv2%2Fmedia&parent=65"}],"curies":[{"name":"wp","href":"https:\/\/api.w.org\/{rel}","templated":true}]}}