{"id":63,"date":"2015-06-17T09:05:52","date_gmt":"2015-06-17T09:05:52","guid":{"rendered":"http:\/\/hebammenzentrale-duesseldorf.de\/?page_id=63"},"modified":"2026-01-15T09:59:42","modified_gmt":"2026-01-15T09:59:42","slug":"fuer-werdenden-eltern","status":"publish","type":"page","link":"https:\/\/hebammenzentrale-duesseldorf.de\/?page_id=63","title":{"rendered":"Infos f\u00fcr Eltern"},"content":{"rendered":"<h2 class=\"widget-title\">Herzlichen Gl\u00fcckwunsch, Sie sind schwanger! Wir unterst\u00fctzen Sie gerne bei der Suche nach einer Hebamme.<\/h2>\n<p>Die Hebammenzentrale D\u00fcsseldorf unterst\u00fctzt Sie gerne bei der Suche nach einer Hebamme, nach ihren W\u00fcnschen f\u00fcr die Schwangerenbetreuung\/Vorsorge, die Geburtshilfe und die Wochenbettbetreuung. Die Entscheidung \u00fcber die Betreuungs\u00fcbernahme bleibt in den H\u00e4nden der Hebamme. F\u00fcr <strong>Kurse<\/strong> aller Art wenden Sie sich bitte an die zust\u00e4ndigen Institutionen: Hebammenpraxen, Geburtsh\u00e4user, \u00f6rtliche Familienbildungsst\u00e4tten und Kliniken mit Geburtshilfe.<\/p>\n<h3>Informationen zu Hebammenleistungen<\/h3>\n<p style=\"text-align: justify;\">Hebammen sind Fachfrauen f\u00fcr Schwangerschaft, Geburt, Wochenbett und Stillzeit. Sie begleiten Frauen und Familien durch die Zeit der Schwangerschaft, helfen bei der Geburt und stehen Ihnen im Wochenbett und in der Stillzeit mit Rat und Tat zur Seite. Sie nehmen sich Zeit f\u00fcr Ihre Fragen und die n\u00f6tigen Untersuchungen. Jede Frau hat ein Recht auf Hebammenhilfe.<\/p>\n<p>Fast alle Kosten, die bei der Betreuung einer Hebamme entstehen, werden von den gesetzlichen Krankenkassen \u00fcbernommen. Die gesetzlichen Krankenkassen \u00fcbernehmen jedoch ausschlie\u00dflich die Kosten f\u00fcr ein Vorgespr\u00e4ch. Weitere Vorgespr\u00e4che (mit einer zweiten oder dritten Hebamme) gehen auf eigene Rechnung. Privat versicherte Frauen informieren sich bitte direkt bei Ihrer Krankenkasse, welche Hebammenleistungen \u00fcbernommen werden. Hebammen bieten von der Schwangerenvorsorge bis zur Stillberatung (au\u00dfer Ultraschall) alle Leistungen rund um Schwangerschaft, Geburt und Wochenbett an. Sie k\u00f6nnen w\u00e4hlen, welchen Betreuungsumfang Sie w\u00fcnschen.<\/p>\n<p>\u2022 Regelm\u00e4\u00dfige Schwangerenvorsorge \u2013 auch im Wechsel mit Ihrem Frauenarzt bzw. Ihrer Frauen\u00e4rztin<br \/>\n\u2022 Hilfe bei Beschwerden<br \/>\n\u2022 Geburtsvorbereitung<br \/>\n\u2022 Geburtshilfe<br \/>\n\u2022 Wochenbettbetreuung<br \/>\n\u2022 R\u00fcckbildungsgymnastik<br \/>\n\u2022 Stillberatung<br \/>\n\u2022 Beikostberatung<\/p>\n<p style=\"text-align: justify;\">Weitere Informationen zu den einzelnen Hebammenleistungen finden Sie <a href=\"http:\/\/hebammenzentrale-duesseldorf.de\/?page_id=76\" target=\"_blank\" rel=\"noopener noreferrer\">hier<\/a>. Sie k\u00f6nnen uns auch gerne telefonisch oder per E-Mail kontaktieren. Nat\u00fcrlich ber\u00e4t Sie Ihre &#8211; m\u00f6glicherweise von uns vermittelte &#8211; Hebamme auch gerne pers\u00f6nlich \u00fcber den individuell sinnvollen Umfang der Begleitung. Einige Hebammen haben sich individuell fortgebildet und bieten zus\u00e4tzlich zu Ihren origin\u00e4ren Hebammenaufgaben noch weitere Leistungen an, die zum Teil privat abgerechnet werden. Dies kann sein: (geburtsvorbereitende) Akupunktur, Hom\u00f6opathie, Schwangerengymnastik, Massage, Trageberatung.<\/p>\n<h3 style=\"text-align: justify;\"><\/h3>\n<h3>Angebote f\u00fcr Frauen ohne Hebamme<\/h3>\n<p style=\"text-align: justify;\">Falls Sie keine Hebamme gefunden haben, die Ihnen f\u00fcr Fragen in der Schwangerschaft oder im Wochenbett zur Verf\u00fcgung steht, gibt es in D\u00fcsseldorf inzwischen einige Hebammensprechstunden, die Sie kostenlos in Anspruch nehmen k\u00f6nnen. Bei einigen m\u00fcssen Sie sich vorab anmelden, andere k\u00f6nnen Sie ohne Anmeldung in Anspruch nehmen. F\u00fcr weitere Informationen klicken Sie bitte auf den entsprechenden Stadtteil. Da die Zeiten der Sprechstunden sich \u00e4ndern k\u00f6nnen, bitten wir darum, dass Sie sich vorab durch den Anbieter die Zeiten der Sprechstunde best\u00e4tigen lassen.<\/p>\n<p><em><strong>D\u00fcsseldorf<\/strong><\/em><\/p>\n<p><span style=\"color: #993366;\"><strong>Carlstadt, Stadtmitte, Unterbilk, Friedrichstadt<\/strong><\/span> (Hebammensprechstunde und Wochenbettambulanz, Terminvereinbarung unter katharina.ebbinghaus@gmx.de)<br \/>\n<span style=\"color: #993366;\"><strong>Derendorf<\/strong><\/span> (Mi 10:00-12:00 Uhr, vorherige Anmeldung: Esperanza Schwangerschaftsberatung, esperanza@skfm-D\u00fcsseldorf.de, Tel. 0211-4696-226)<br \/>\n<span style=\"color: #993366;\"><strong>D\u00fcsseltal <\/strong><\/span> ambulante Hebammensprechstunde im Geburtshaus D\u00fcsseldorf, mittwochs vormittags nach telefonischer Terminvergabe durch das Geburtshausb\u00fcro (Terminvereinbarung unter 0211-466699, 9:30-12:30 Uhr). In der Sprechstunde ist man willkommen in der Schwangerschaft (Hilfe bei Beschwerden), zur Schwangerenvorsorge, zum ambulanten Wochenbettbesuch oder bei Stillschwierigkeiten.<br \/>\n<strong><a href=\"http:\/\/www.sos-kinderdorf.de\/kinderdorf-duesseldorf\/angebote\/fruehe-hilfen\" target=\"_blank\" rel=\"noopener noreferrer\">Garath<\/a><\/strong> (Di 10:00-12:00 &amp; Mi 10:00-13:00 Uhr)<br \/>\n<strong><a href=\"https:\/\/programm.asg-bildungsforum.de\/webbasys\/index.php?kfs_stichwort_schlagwort=Milchbar&amp;kathaupt=26%3B&amp;suchesetzen=false%3B\">Gerresheim<\/a><\/strong> (Milchbar-Caf\u00e9\/offener Treff f\u00fcr Eltern und Babys mit Kinderkrankenschwester, dienstags)<br \/>\n<strong><a href=\"https:\/\/www.duessel-mami.de\/nach-der-geburt\/wochenbettambulanz\/\" target=\"_blank\" rel=\"noopener noreferrer\">Grafenberg<\/a><\/strong> (Di 11:30-14:45 Uhr, nach Terminvereinbarung)<br \/>\n<strong><a href=\"https:\/\/www.hebammenpraxis-brenzinger.com\/\">Niederkassel<\/a> <\/strong>(Termine in Hebammenpraxis nach Vereinbarung)<br \/>\n<strong><a href=\"https:\/\/programm.asg-bildungsforum.de\/webbasys\/index.php?kfs_stichwort_schlagwort=Milchbar&amp;kathaupt=26%3B&amp;suchesetzen=false%3B\">Oberkassel<\/a><\/strong> (Milchbar-Caf\u00e9\/offener Treff f\u00fcr Eltern und Babys mit Kinderkrankenschwester, donnerstags)<br \/>\n<strong><a href=\"https:\/\/heine-apotheke-karree.de\/familien-apotheke\/#hebammensprechstunde\" target=\"_blank\" rel=\"noopener noreferrer\">Pempelfort<\/a><\/strong> (Do 10:00-14:00 Uhr)<br \/>\n<a href=\"https:\/\/www.efa-duesseldorf.de\/programm\/gesamtuebersicht\/index.php?id=9&amp;kathaupt=26%3B&amp;suchesetzen=false%3B&amp;kfs_stichwort_schlagwort=hebamme&amp;tx_indexedsearch%5Bsubmit_button%5D=\"><strong>Stadtmitte<\/strong><\/a> (Schwangerencaf\u00e9 und Hebammensprechstunde nach vorheriger Anmeldung unter <a href=\"mailto:lilian-nowak@efa-duesseldorf.de\">lilian-nowak@efa-duesseldorf.de<\/a> oder 0211 &#8211; 60028224.)<br \/>\n<strong><a href=\"https:\/\/www.uniklinik-duesseldorf.de\/patienten-besucher\/klinikeninstitutezentren\/klinik-fuer-frauenheilkunde-und-geburtshilfe\/elternschule-des-ukd\/wochenbettambulanz\" target=\"_blank\" rel=\"noopener noreferrer\">Uniklinik D\u00fcsseldorf<\/a><\/strong> (nach Vereinbarung)<br \/>\n<strong><a href=\"https:\/\/www.evk-duesseldorf.de\/geburt-und-kindernetzwerk\/elternschule\/wochenbettambulanz.html\">Unterbilk<\/a><\/strong> (Wochenbettambulanz im evK, Termine nach Vereinbarung)<\/p>\n<p><em><strong>Neuss<\/strong><\/em><\/p>\n<p><span style=\"color: #993366;\"><strong>Neuss Innenstadt<\/strong><\/span> (ambulante Hebammensprechstunde f\u00fcr Schwangere und Frauen ohne Hebamme im Wochenbett, Di 13:00-15:00 Uhr, Infos und Terminvereinbarung unter:\u00a0Karina Rudolph, 0176-30660270 oder <a href=\"mailto:hebamme.karina@gmx.de\">hebamme.karina@gmx.de)<\/a><\/p>\n<p><em><strong>Weitere Angebote in der Umgebung<\/strong><\/em><\/p>\n<p style=\"text-align: justify;\"><strong><a href=\"https:\/\/rheinlandklinikum.de\/dormagen\/kompetenzen\/fachgebiete\/geburtshilfe\/kurse-und-veranstaltungen\" target=\"_blank\" rel=\"noopener noreferrer\">Dormagen<\/a><\/strong> Wochenbettsprechstunde im Rheinland Klinikum (mittwochs, vorherige Anmeldung)<\/p>\n<h3>M\u00fctterpflegerinnen in D\u00fcsseldorf<\/h3>\n<p>Im Gegensatz zu einer Hebamme \u00fcbernimmt eine M\u00fctterpflegerin keine medizinischen Behandlungen und stellt auch keine Diagnosen. Eine M\u00fctterpflegerin kann die Versorgung durch eine Hebamme nicht ersetzen, kann sie jedoch sinnvoll erg\u00e4nzen. Die Aufgaben und T\u00e4tigkeiten einer M\u00fctterpflegerin werden individuell abgestimmt und k\u00f6nnen zum Beispiel Entlastung im Wochenbett, Unterst\u00fctzung im Haushalt (einkaufen, leichte Hausarbeit), Geschwisterkind-Betreuung, Begleitung zu Terminen\/Arztterminen uvm. bedeuten. Unter bestimmten Voraussetzungen kann M\u00fctterpflege von der Krankenkasse \u00fcbernommen werden. Eine private Buchung ist ebenfalls m\u00f6glich.<\/p>\n<p>Julia Ehrhart, <a href=\"https:\/\/www.juliaehrhart.de\/\">www.juliaehrhart.de<\/a>, <a href=\"mailto:mail@juliaehrhart.de\">mail@juliaehrhart.de<\/a>, Tel: 0172 1727684<\/p>\n<p>Julia Achidri, <a href=\"mailto:juliaachidri@gmail.com\">juliaachidri@gmail.com<\/a>, Tel. 0178 2009181<br \/>\n(Stadtteile: Gerresheim und Umgebung), Sprachen: Deutsch &amp; Englisch<\/p>\n<p>Julia L\u00fcbbers, <a href=\"http:\/\/www.muetterpflege-duesseldorf.de\">www.muetterpflege-duesseldorf.de<\/a>, <a href=\"mailto:julia@muetterpflege-duesseldorf.de\">julia@muetterpflege-duesseldorf.de<\/a>,<br \/>\nTel. 0151 68570558<\/p>\n<p>Reinhild Schott, <a href=\"mailto:familienlotsinn-in-duesseldorf@posteo.de\">familienlotsinn-in-duesseldorf@posteo.de<\/a>, Tel. 0163 1552709<\/p>\n<p>Catherine Ch\u00e9valier, <a href=\"mailto:heymama.germany@gmail.com\">heymama.germany@gmail.com<\/a>, https:\/\/heymamagermany.wixsite.com\/home, Tel. 0162 8113603<\/p>\n<h3 style=\"text-align: justify;\">Zus\u00e4tzliche Informationsquellen<\/h3>\n<p style=\"text-align: justify;\">In D\u00fcsseldorf gibt es mehrere Schwangerenberatungsstellen, die bei allen Fragen rund um die Schwangerschaft f\u00fcr Sie ansprechbar sind. Diese und viele weitere Informationen f\u00fcr Schwangere finden Sie in der Brosch\u00fcre <a href=\"https:\/\/www.duesseldorf.de\/fileadmin\/Amt53\/gesundheitsamt\/hilfen-beratung\/schwangerschaft_gewalt\/pdf\/schwanger_in_duesseldorf.pdf\">Schwanger in D\u00fcsseldorf<\/a>.<\/p>\n<p style=\"text-align: justify;\">Den \u00fcbergreifenden Beratungsstellenwegweiser &#8222;Der beste Weg&#8220; f\u00fcr alle Lebenslagen in der Stadt D\u00fcsseldorf finden Sie <a href=\"https:\/\/www.zwd.de\/wege-in-arbeit\/arbeitslosenzentrum-duesseldorf\/publikationen-merkblaetter-und-hilfreiche-links\/\">hier<\/a>.<\/p>\n<p style=\"text-align: justify;\">Das Familienforum Edith Stein in Neuss hat verschiedene Angebote Rund um die Geburt. Detaillierte Informationen finden Sie <a href=\"https:\/\/www.familienforum-neuss.de\/?\">hier<\/a>.<\/p>\n<p style=\"text-align: justify;\">Der Hebammenverband stellt auf seiner Webseite eine umfassende <a href=\"https:\/\/www.hebammenverband.de\/familie\/links-fuer-eltern\/\" target=\"_blank\" rel=\"noopener noreferrer\">Linksammlung<\/a>, rund um Schwangerschaft, Geburt und Stillzeit, zur Verf\u00fcgung.<\/p>\n<p style=\"text-align: justify;\">Zus\u00e4tzlich gibt es die M\u00f6glichkeit einer online\/telefonischen Beratung unter <a href=\"http:\/\/www.schwanger-und-viele-fragen.de\/de\/\" target=\"_blank\" rel=\"noopener noreferrer\">www.schwanger-und-viele-fragen.de<\/a> oder 0800 &#8211; 40 40 020 (bei Bedarf in 15 Sprachen).<\/p>\n<p><strong>Pregnant and you have a lot of questions?\u00a0\u00a0\u00a0\u00a0\u00a0\u00a0\u00a0\u00a0\u00a0\u00a0\u00a0\u00a0\u00a0\u00a0\u00a0\u00a0\u00a0\u00a0\u00a0\u00a0\u00a0\u00a0\u00a0\u00a0\u00a0\u00a0\u00a0\u00a0\u00a0\u00a0\u00a0\u00a0\u00a0\u00a0\u00a0\u00a0\u00a0\u00a0\u00a0\u00a0\u00a0\u00a0\u00a0\u00a0\u00a0\u00a0\u00a0\u00a0\u00a0\u00a0\u00a0\u00a0\u00a0\u00a0\u00a0\u00a0\u00a0\u00a0\u00a0\u00a0\u00a0\u00a0\u00a0\u00a0\u00a0\u00a0\u00a0\u00a0\u00a0\u00a0\u00a0\u00a0 <\/strong><br \/>\nSupport hotline \u201ePregnant and in need\u201c<br \/>\nWe are there to help \u2013 in confidence.<br \/>\nThis call is free of charge.<br \/>\n0800 &#8211; 40 40 020<br \/>\n<a href=\"http:\/\/www.schwanger-und-viele-fragen.de\/\" target=\"_blank\" rel=\"noopener noreferrer\">www.schwanger-und-viele-fragen.de<\/a><\/p>\n<p><strong>Trudni ste i imate mnoga pitanja?<br \/>\n<\/strong>Telefon za pomoc \u201eTrudnica u nevolji\u201c<strong><br \/>\n<\/strong>Tu smo za Vas \u2013 poverljivo.<strong><br \/>\n<\/strong>Poziv je besplatan.<br \/>\n0800 &#8211; 40 40 020<br \/>\n<a href=\"http:\/\/www.schwanger-und-viele-fragen.de\/\" target=\"_blank\" rel=\"noopener noreferrer\">www.schwanger-und-viele-fragen.de<\/a><\/p>\n<p><strong>Vous \u00eates enceinte et vous avez de nombreuses questions ?<\/strong><br \/>\nNum\u00e9ro d\u2019assistance \u00bbGrossesse en d\u00e9tresse\u00ab<br \/>\nNous sommes \u00e0 vos c\u00f4t\u00e9s \u2013 en toute discr\u00e9tion.<br \/>\nL\u2019appell est gratuit.<br \/>\n0800 &#8211; 40 40 020<br \/>\n<a href=\"http:\/\/www.schwanger-und-viele-fragen.de\/\" target=\"_blank\" rel=\"noopener noreferrer\">www.schwanger-und-viele-fragen.de<\/a><\/p>\n","protected":false},"excerpt":{"rendered":"<p>Herzlichen Gl\u00fcckwunsch, Sie sind schwanger! Wir unterst\u00fctzen Sie gerne bei der Suche nach einer Hebamme. Die Hebammenzentrale D\u00fcsseldorf unterst\u00fctzt Sie gerne bei der Suche nach einer Hebamme, nach ihren W\u00fcnschen f\u00fcr die Schwangerenbetreuung\/Vorsorge, die Geburtshilfe und die Wochenbettbetreuung. Die Entscheidung \u00fcber die Betreuungs\u00fcbernahme bleibt in den H\u00e4nden der Hebamme. F\u00fcr Kurse aller Art wenden Sie [&hellip;]<\/p>\n","protected":false},"author":1,"featured_media":0,"parent":0,"menu_order":0,"comment_status":"closed","ping_status":"closed","template":"templates\/template-full-notitle.php","meta":[],"_links":{"self":[{"href":"https:\/\/hebammenzentrale-duesseldorf.de\/index.php?rest_route=\/wp\/v2\/pages\/63"}],"collection":[{"href":"https:\/\/hebammenzentrale-duesseldorf.de\/index.php?rest_route=\/wp\/v2\/pages"}],"about":[{"href":"https:\/\/hebammenzentrale-duesseldorf.de\/index.php?rest_route=\/wp\/v2\/types\/page"}],"author":[{"embeddable":true,"href":"https:\/\/hebammenzentrale-duesseldorf.de\/index.php?rest_route=\/wp\/v2\/users\/1"}],"replies":[{"embeddable":true,"href":"https:\/\/hebammenzentrale-duesseldorf.de\/index.php?rest_route=%2Fwp%2Fv2%2Fcomments&post=63"}],"version-history":[{"count":84,"href":"https:\/\/hebammenzentrale-duesseldorf.de\/index.php?rest_route=\/wp\/v2\/pages\/63\/revisions"}],"predecessor-version":[{"id":958,"href":"https:\/\/hebammenzentrale-duesseldorf.de\/index.php?rest_route=\/wp\/v2\/pages\/63\/revisions\/958"}],"wp:attachment":[{"href":"https:\/\/hebammenzentrale-duesseldorf.de\/index.php?rest_route=%2Fwp%2Fv2%2Fmedia&parent=63"}],"curies":[{"name":"wp","href":"https:\/\/api.w.org\/{rel}","templated":true}]}}