{"id":32,"date":"2015-04-29T17:01:21","date_gmt":"2015-04-29T17:01:21","guid":{"rendered":"http:\/\/hebammenzentrale-duesseldorf.de\/?page_id=32"},"modified":"2019-03-20T17:49:46","modified_gmt":"2019-03-20T17:49:46","slug":"impressum-datenschutz","status":"publish","type":"page","link":"https:\/\/hebammenzentrale-duesseldorf.de\/?page_id=32","title":{"rendered":"Impressum &#038; Datenschutz"},"content":{"rendered":"<div id=\"pl-32\"  class=\"panel-layout\" ><div id=\"pg-32-0\"  class=\"panel-grid panel-no-style\" ><div id=\"pgc-32-0-0\"  class=\"panel-grid-cell\" ><div id=\"panel-32-0-0-0\" class=\"so-panel widget widget_text panel-first-child\" data-index=\"0\" >\t\t\t<div class=\"textwidget\"><h1>Impressum<\/h1>\n<h2>Angaben gem\u00e4\u00df \u00a7 5 TMG:<\/h2>\n<p>Geburtshaus D\u00fcsseldorf gGmbH<br \/>\nAchenbachstr.56a<br \/>\n40237 D\u00fcsseldorf\n<\/p>\n<h2>Vertreten durch:<\/h2>\n<p>Alexa Weber und Lisa Fels<\/p>\n<h2>Kontakt:<\/h2>\n<table><tr>\n<td>Telefon:<\/td>\n<td>+49 (0)211 691 691 11<\/td><\/tr>\n<tr><td>E-Mail:<\/td>\n<td>info@hebammenzentrale-duesseldorf.de<\/td>\n<\/tr><\/table>\n<h2>Registereintrag:<\/h2>\n<p>Eintragung im Handelsregister. <br \/>Registergericht:Amtsgericht D\u00fcsseldorf <br \/>Registernummer: HRB62263<\/p>\n\n<h2>Verantwortlich f\u00fcr den Inhalt nach \u00a7 55 Abs. 2 RStV:<\/h2>\n<p>Nina de Sousa und Annette Str\u00e4\u00dfer<br \/>\nAchenbachstr. 56a<br \/>\n40237 D\u00fcsseldorf<\/p>\n<p>\u00a0<\/p><\/div>\n\t\t<\/div><div id=\"panel-32-0-0-1\" class=\"so-panel widget widget_text\" data-index=\"1\" ><h3 class=\"widget-title\">INFORMATION ZUM DATENSCHUTZ<\/h3>\t\t\t<div class=\"textwidget\">Guten Tag,\nder Schutz Ihrer personenbezogenen Daten ist uns wichtig. Nach der EU-Datenschutz-Grundverordnung (DSGVO) sind wir verpflichtet, Sie dar\u00fcber zu informieren, zu welchem Zweck die Hebammenzentrale D\u00fcsseldorf Daten erhebt, speichert oder weiterleitet. Der Information k\u00f6nnen Sie auch entnehmen, welche Rechte Sie in puncto Datenschutz haben.\n\n<\/div>\n\t\t<\/div><div id=\"panel-32-0-0-2\" class=\"so-panel widget widget_text panel-last-child\" data-index=\"2\" >\t\t\t<div class=\"textwidget\"><p>1. VERANTWORTLICHKEIT F\u00dcR DIE DATENVERARBEITUNG<br \/>\nVerantwortlich f\u00fcr die Datenverarbeitung ist:<br \/>\nGeburtshaus D\u00fcsseldorf<br \/>\nAchenbachstr. 56a<br \/>\n40237 D\u00fcsseldorf<\/p>\n<p>2. ZWECK DER DATENVERARBEITUNG<br \/>\nDie Datenverarbeitung erfolgt aufgrund gesetzlicher Vorgaben, um die Vermittlung an eine Hebamme zu erm\u00f6glichen. Hierzu verarbeiten wir folgende personenbezogenen Daten:<br \/>\n- Name, Vorname<br \/>\n- Adresse<br \/>\n- Entbindungstermin<br \/>\n- Telefonnummer<br \/>\n- E-Mail-Adresse<br \/>\n- Parit\u00e4t<br \/>\n- Betreuungswunsch<br \/>\nDie Erhebung dieser Daten ist Voraussetzung f\u00fcr Ihre Vermittlung an eine Hebamme. Werden die notwendigen Informationen nicht bereitgestellt, kann eine Vermittlung nicht erfolgen.<\/p>\n<p>3. EMPF\u00c4NGER IHRER DATEN<br \/>\nWir \u00fcbermitteln Ihre personenbezogenen Daten nur dann an Dritte, wenn dies gesetzlich erlaubt ist oder Sie eingewilligt haben. Empf\u00e4nger Ihrer personenbezogenen Daten sind in der Regel nur Hebammen, die mit der Hebammenzentrale kooperieren. Im Einzelfall erfolgt die \u00dcbermittlung von Daten an weitere berechtigte Empf\u00e4nger.<\/p>\n<p>4. SPEICHERUNG IHRER DATEN<br \/>\nWir bewahren Ihre personenbezogenen Daten nur solange auf, wie dies f\u00fcr die Durchf\u00fchrung der Vermittlung erforderlich ist.<br \/>\nDie personenbezogenen Daten werden 365 Tage nach Eingang Ihrer Anfrage anonymisiert. Dabei werden folgende Daten unwiederbringlich gel\u00f6scht:<br \/>\n- Name, Vorname<br \/>\n- Telefonnummer<br \/>\n- E-Mail-Adresse<br \/>\n- Anfrage-Text aus dem Web-Formular<br \/>\n- Info-Text der Hebammenzentrale mit internen \u00dcbergaben<br \/>\n- Alle weiteren Anfrage-Details<br \/>\nFolgende Daten bleiben ohne Personenbezug, f\u00fcr statistische Zwecke, erhalten:<br \/>\n- Eingangsdatum der Anfrage<br \/>\n- Entbindungstermin<br \/>\n- Kontakt \u00fcber<br \/>\n- Stadtteil<br \/>\n- Parit\u00e4t<br \/>\n- Betreuungswunsch<br \/>\n- Vermittelte Hebamme<\/p>\n<p>5. IHRE RECHTE<br \/>\nSie haben das Recht, \u00fcber die Sie betreffenden personenbezogenen Daten Auskunft zu erhalten. Auch k\u00f6nnen Sie die Berichtigung unrichtiger Daten verlangen.<br \/>\nDar\u00fcber hinaus steht Ihnen unter bestimmten Voraussetzungen das Recht auf L\u00f6schung von Daten, das Recht auf Einschr\u00e4nkung der Datenverarbeitung sowie das Recht auf Daten\u00fcbertragbarkeit zu.<br \/>\nDie Verarbeitung Ihrer Daten erfolgt auf Basis von gesetzlichen Regelungen. Nur in Ausnahmef\u00e4llen ben\u00f6tigen wir Ihr Einverst\u00e4ndnis. In diesen F\u00e4llen haben Sie das Recht, die Einwilligung f\u00fcr die zuk\u00fcnftige Verarbeitung zu widerrufen.<br \/>\nSie haben ferner das Recht, sich bei der zust\u00e4ndigen Aufsichtsbeh\u00f6rde f\u00fcr den Datenschutz zu beschweren, wenn Sie der Ansicht sind, dass die Verarbeitung Ihrer personenbezogenen Daten nicht rechtm\u00e4\u00dfig erfolgt.<br \/>\nDie Anschrift der f\u00fcr uns zust\u00e4ndigen Aufsichtsbeh\u00f6rde lautet:<br \/>\nLandesbeauftragte f\u00fcr Datenschutz und Informationsfreiheit Nordrhein-Westfalen Postfach 20 04 44 40102 D\u00fcsseldorf<br \/>\nTel.: 0211\/38424-0 Fax: 0211\/38424-10 E-Mail: poststelle@ldi.nrw.de<\/p>\n<p>6. RECHTLICHE GRUNDLAGEN<br \/>\nRechtsgrundlage f\u00fcr die Verarbeitung Ihrer Daten ist Artikel 9 Absatz 2 lit. h) DSGVO in Verbindung mit Paragraf 22 Absatz 1 Nr. 1 lit. b) Bundesdatenschutzgesetz. Sollten Sie Fragen haben, k\u00f6nnen Sie sich gern an uns wenden.<\/p>\n<p>7. ONLINEFORTBILDUNGSBUCHUNG<br \/>\nUnsere Online-Kursanmeldung nutzt die Teilnehmerverwaltung KurVe. KurVe ist eine webbasierte Software zur Kursteilnehmerverwaltung, die von der kidsgo Verlag GmbH (kidsgo) unter Einbeziehung der Nutzer entwickelt wird. Den Grunds\u00e4tzen ordnungsgem\u00e4\u00dfer Datenverarbeitung und den gesetzlichen Anforderungen wird entsprochen. Mit der Anmeldung gibt der Nutzer sein Einverst\u00e4ndnis zur maschinellen Verarbeitung und Speicherung aller eingetragener Daten. Dieses k\u00f6nnen sein: a) teilnehmerbezogene Daten: Name, Vorname, Postadresse, eMail, Telefon etc. b) kursbezogene Daten: Geburtsdatum des Kindes, Alter des Kindes, Name von Geschwisterkindern, Zahlungsmodalit\u00e4ten etc. Es wird darauf geachtet, dass nur solche Daten erhoben werden, die f\u00fcr die Kursanmeldung unbedingt erforderlich sind. Teilnehmern entsteht kein Nachteil, wenn freiwillig auszuf\u00fcllende Felder (Feld ist nicht mit einem * gekennzeichnet) leer gelassen werden. Die Daten werden nur solange gespeichert, wie zur ordnungsgem\u00e4\u00dfen Durchf\u00fchrung des Kurses und etwaiger Folgekurse notwendig bzw. wie gesetzlich vorgeschrieben.<\/p>\n<p>Der Verarbeitung der personenbezogenen Daten kann jederzeit widersprochen werden durch eMail an datenschutz @ geburtshaus-duesseldorf.de bzw. Post an Geburtshaus D\u00fcsseldorf, Achenbachstr. 56a, 40237 D\u00fcsseldorf.<\/p>\n<p>F\u00fcr die Erledigung der Buchhaltung nutzen wir den Service der cloudbasierten Buchhaltungssoftware BuchhaltungsButler GmbH, Rheinsberger Str. 76\/77, 10115 Berlin. BuchhaltungsButler verarbeitet Eingangs- und Ausgangsrechnungen sowie ggf. auch die Bankbewegungen unseres Unternehmens (und somit ihre Zahlungen zu bei uns gebuchten Kursen), um Rechnungen automatisch zu erfassen, zu den Transaktionen zu matchen und hieraus in einem teilautomatisierten Prozess die Finanzbuchhaltung zu erstellen. N\u00e4here Informationen zur BuchhaltungsButler GmbH, der automatisierten Verarbeitung von Daten und zu den Datenschutzbestimmungen finden Sie unter https:\/\/www.buchhaltungsbutler.de\/<\/p>\n<p>Das Team der Hebammenzentrale D\u00fcsseldorf<\/p>\n<\/div>\n\t\t<\/div><\/div><\/div><div id=\"pg-32-1\"  class=\"panel-grid panel-no-style\" ><div id=\"pgc-32-1-0\"  class=\"panel-grid-cell\" ><div id=\"panel-32-1-0-0\" class=\"so-panel widget widget_text panel-first-child panel-last-child\" data-index=\"3\" >\t\t\t<div class=\"textwidget\"><h1>Haftungsausschluss (Disclaimer)<\/h1>\n<p><strong>Haftung f\u00fcr Inhalte<\/strong><\/p> <p>Als Diensteanbieter sind wir gem\u00e4\u00df \u00a7 7 Abs.1 TMG f\u00fcr eigene Inhalte auf diesen Seiten nach den allgemeinen Gesetzen verantwortlich. Nach \u00a7\u00a7 8 bis 10 TMG sind wir als Diensteanbieter jedoch nicht verpflichtet, \u00fcbermittelte oder gespeicherte fremde Informationen zu \u00fcberwachen oder nach Umst\u00e4nden zu forschen, die auf eine rechtswidrige T\u00e4tigkeit hinweisen. Verpflichtungen zur Entfernung oder Sperrung der Nutzung von Informationen nach den allgemeinen Gesetzen bleiben hiervon unber\u00fchrt. Eine diesbez\u00fcgliche Haftung ist jedoch erst ab dem Zeitpunkt der Kenntnis einer konkreten Rechtsverletzung m\u00f6glich. Bei Bekanntwerden von entsprechenden Rechtsverletzungen werden wir diese Inhalte umgehend entfernen.<\/p> <p><strong>Haftung f\u00fcr Links<\/strong><\/p> <p>Unser Angebot enth\u00e4lt Links zu externen Webseiten Dritter, auf deren Inhalte wir keinen Einfluss haben. Deshalb k\u00f6nnen wir f\u00fcr diese fremden Inhalte auch keine Gew\u00e4hr \u00fcbernehmen. F\u00fcr die Inhalte der verlinkten Seiten ist stets der jeweilige Anbieter oder Betreiber der Seiten verantwortlich. Die verlinkten Seiten wurden zum Zeitpunkt der Verlinkung auf m\u00f6gliche Rechtsverst\u00f6\u00dfe \u00fcberpr\u00fcft. Rechtswidrige Inhalte waren zum Zeitpunkt der Verlinkung nicht erkennbar. Eine permanente inhaltliche Kontrolle der verlinkten Seiten ist jedoch ohne konkrete Anhaltspunkte einer Rechtsverletzung nicht zumutbar. Bei Bekanntwerden von Rechtsverletzungen werden wir derartige Links umgehend entfernen.<\/p> <p><strong>Urheberrecht<\/strong><\/p> <p>Die durch die Seitenbetreiber erstellten Inhalte und Werke auf diesen Seiten unterliegen dem deutschen Urheberrecht. Die Vervielf\u00e4ltigung, Bearbeitung, Verbreitung und jede Art der Verwertung au\u00dferhalb der Grenzen des Urheberrechtes bed\u00fcrfen der schriftlichen Zustimmung des jeweiligen Autors bzw. Erstellers. Downloads und Kopien dieser Seite sind nur f\u00fcr den privaten, nicht kommerziellen Gebrauch gestattet. Soweit die Inhalte auf dieser Seite nicht vom Betreiber erstellt wurden, werden die Urheberrechte Dritter beachtet. Insbesondere werden Inhalte Dritter als solche gekennzeichnet. Sollten Sie trotzdem auf eine Urheberrechtsverletzung aufmerksam werden, bitten wir um einen entsprechenden Hinweis. Bei Bekanntwerden von Rechtsverletzungen werden wir derartige Inhalte umgehend entfernen.<\/p><p>\u00a0<\/p><\/div>\n\t\t<\/div><\/div><\/div><\/div>","protected":false},"excerpt":{"rendered":"<p>Impressum Angaben gem\u00e4\u00df \u00a7 5 TMG: Geburtshaus D\u00fcsseldorf gGmbH Achenbachstr.56a 40237 D\u00fcsseldorf Vertreten durch: Alexa Weber und Lisa Fels Kontakt: Telefon: +49 (0)211 691 691 11 E-Mail: info@hebammenzentrale-duesseldorf.de Registereintrag: Eintragung im Handelsregister. Registergericht:Amtsgericht D\u00fcsseldorf Registernummer: HRB62263 Verantwortlich f\u00fcr den Inhalt nach \u00a7 55 Abs. 2 RStV: Nina de Sousa und Annette Str\u00e4\u00dfer Achenbachstr. 56a 40237 [&hellip;]<\/p>\n","protected":false},"author":1,"featured_media":0,"parent":0,"menu_order":0,"comment_status":"closed","ping_status":"closed","template":"templates\/template-full-notitle.php","meta":[],"_links":{"self":[{"href":"https:\/\/hebammenzentrale-duesseldorf.de\/index.php?rest_route=\/wp\/v2\/pages\/32"}],"collection":[{"href":"https:\/\/hebammenzentrale-duesseldorf.de\/index.php?rest_route=\/wp\/v2\/pages"}],"about":[{"href":"https:\/\/hebammenzentrale-duesseldorf.de\/index.php?rest_route=\/wp\/v2\/types\/page"}],"author":[{"embeddable":true,"href":"https:\/\/hebammenzentrale-duesseldorf.de\/index.php?rest_route=\/wp\/v2\/users\/1"}],"replies":[{"embeddable":true,"href":"https:\/\/hebammenzentrale-duesseldorf.de\/index.php?rest_route=%2Fwp%2Fv2%2Fcomments&post=32"}],"version-history":[{"count":14,"href":"https:\/\/hebammenzentrale-duesseldorf.de\/index.php?rest_route=\/wp\/v2\/pages\/32\/revisions"}],"predecessor-version":[{"id":710,"href":"https:\/\/hebammenzentrale-duesseldorf.de\/index.php?rest_route=\/wp\/v2\/pages\/32\/revisions\/710"}],"wp:attachment":[{"href":"https:\/\/hebammenzentrale-duesseldorf.de\/index.php?rest_route=%2Fwp%2Fv2%2Fmedia&parent=32"}],"curies":[{"name":"wp","href":"https:\/\/api.w.org\/{rel}","templated":true}]}}